{"id":1622,"date":"2022-07-25T17:44:56","date_gmt":"2022-07-25T15:44:56","guid":{"rendered":"https:\/\/villagedelapaix.ch\/?page_id=1622"},"modified":"2023-01-21T12:39:38","modified_gmt":"2023-01-21T11:39:38","slug":"notre-lieu","status":"publish","type":"page","link":"https:\/\/villagedelapaix.ch\/de\/notre-lieu\/","title":{"rendered":"Unser Ort"},"content":{"rendered":"<div class=\"wp-block-cover alignwide has-custom-content-position is-position-top-center shadow-effect\" style=\"min-height:278px;aspect-ratio:unset;\"><span aria-hidden=\"true\" class=\"wp-block-cover__background has-background-dim-20 has-background-dim\"><\/span><img loading=\"lazy\" decoding=\"async\" width=\"2830\" height=\"788\" data-attachment-id=\"1060\" data-permalink=\"https:\/\/villagedelapaix.ch\/de\/village\/\" data-orig-file=\"https:\/\/villagedelapaix.ch\/wp-content\/uploads\/2022\/06\/village.jpg\" data-orig-size=\"2830,788\" data-comments-opened=\"1\" data-image-meta=\"{&quot;aperture&quot;:&quot;0&quot;,&quot;credit&quot;:&quot;&quot;,&quot;camera&quot;:&quot;&quot;,&quot;caption&quot;:&quot;&quot;,&quot;created_timestamp&quot;:&quot;0&quot;,&quot;copyright&quot;:&quot;&quot;,&quot;focal_length&quot;:&quot;0&quot;,&quot;iso&quot;:&quot;0&quot;,&quot;shutter_speed&quot;:&quot;0&quot;,&quot;title&quot;:&quot;&quot;,&quot;orientation&quot;:&quot;0&quot;}\" data-image-title=\"village\" data-image-description=\"\" data-image-caption=\"\" data-large-file=\"https:\/\/villagedelapaix.ch\/wp-content\/uploads\/2022\/06\/village-1024x285.jpg\" class=\"wp-block-cover__image-background wp-image-1060\" alt=\"\" src=\"https:\/\/villagedelapaix.ch\/wp-content\/uploads\/2022\/06\/village.jpg\" data-object-fit=\"cover\" srcset=\"https:\/\/villagedelapaix.ch\/wp-content\/uploads\/2022\/06\/village.jpg 2830w, https:\/\/villagedelapaix.ch\/wp-content\/uploads\/2022\/06\/village-600x167.jpg 600w, https:\/\/villagedelapaix.ch\/wp-content\/uploads\/2022\/06\/village-300x84.jpg 300w, https:\/\/villagedelapaix.ch\/wp-content\/uploads\/2022\/06\/village-1024x285.jpg 1024w, https:\/\/villagedelapaix.ch\/wp-content\/uploads\/2022\/06\/village-768x214.jpg 768w, https:\/\/villagedelapaix.ch\/wp-content\/uploads\/2022\/06\/village-1536x428.jpg 1536w, https:\/\/villagedelapaix.ch\/wp-content\/uploads\/2022\/06\/village-2048x570.jpg 2048w, https:\/\/villagedelapaix.ch\/wp-content\/uploads\/2022\/06\/village-1200x334.jpg 1200w\" sizes=\"auto, (max-width: 2830px) 100vw, 2830px\" \/><div class=\"wp-block-cover__inner-container is-layout-flow wp-block-cover-is-layout-flow\">\n<p class=\"has-text-align-center has-background-color has-text-color has-large-font-size wp-block-paragraph\"><em>Un lieu vivant permettant de vivre dans la simplicit\u00e9 et d\u2019apprendre \u00e0 vivre en paix avec <span class=\"keeptogether\">soi-m\u00eame<\/span> et avec d\u2019autres.<\/em><\/p>\n<\/div><\/div>\n\n\n\n<div class=\"wp-block-group alignfull is-layout-flow wp-block-group-is-layout-flow\">\n<article class=\"wp-block-group alignfull is-layout-constrained wp-block-group-is-layout-constrained\">\n<div class=\"wp-block-columns alignfull are-vertically-aligned-top a8c-section has-background-light-background-color has-background is-layout-flex wp-container-core-columns-is-layout-75cdc7a9 wp-block-columns-is-layout-flex\" style=\"border-radius:0px;padding-top:0px;padding-right:0px;padding-bottom:0px;padding-left:0px\">\n<div class=\"wp-block-column has-background is-layout-flow wp-block-column-is-layout-flow\" style=\"background-color:#f2f5f038;padding-top:0px;padding-right:0px;padding-bottom:0px;padding-left:0px;flex-basis:100%\">\n<div class=\"wp-block-group is-layout-flow wp-block-group-is-layout-flow\">\n<div class=\"wp-block-group is-layout-flow wp-block-group-is-layout-flow\">\n<div class=\"wp-block-columns are-vertically-aligned-top is-layout-flex wp-container-core-columns-is-layout-75cdc7a9 wp-block-columns-is-layout-flex\" style=\"border-style:none;border-width:0px;padding-top:0px;padding-right:0px;padding-bottom:0px;padding-left:0px\">\n<div class=\"wp-block-column is-layout-flow wp-block-column-is-layout-flow\"><\/div>\n<\/div>\n<\/div>\n<\/div>\n<\/div>\n<\/div>\n<\/article>\n<\/div>\n\n\n\n<div class=\"wp-block-columns is-layout-flex wp-container-core-columns-is-layout-1a9244c7 wp-block-columns-is-layout-flex\">\n<div class=\"wp-block-column is-layout-flow wp-block-column-is-layout-flow\" style=\"flex-basis:100%\">\n<div class=\"wp-block-group is-layout-flow wp-block-group-is-layout-flow\">\n<div class=\"wp-block-columns is-layout-flex wp-container-core-columns-is-layout-1a9244c7 wp-block-columns-is-layout-flex\">\n<div class=\"wp-block-column is-vertically-aligned-top is-layout-flow wp-block-column-is-layout-flow\">\n<h3 class=\"wp-block-heading margin-left-right-50px\">Unser Ort<\/h3>\n\n\n\n<div class=\"wp-block-group justify is-layout-flow wp-block-group-is-layout-flow\">\n<p class=\"margin-left-right-50px wp-block-paragraph\" style=\"font-size:20px\">Das FriedensDorf ist ein richtiges kleines Dorf. Es besteht aus f\u00fcnf Geb\u00e4uden, die sich auf einem gro\u00dfen Grundst\u00fcck verteilen.<\/p>\n\n\n\n<p class=\"has-text-align-justify margin-left-right-50px wp-block-paragraph\" style=\"font-size:20px\">Das&nbsp;<strong>Gemeinschaftshaus<\/strong>&nbsp;des FriedensDorfes hat drei Stockwerke mit m\u00f6blierten Einzelzimmern, einer gro\u00dfen K\u00fcche mit Wohnzimmer und einer Terrasse. Der<strong>&nbsp;Seminarraum <\/strong>auf dem Dachboden und die&nbsp;<strong>Kapelle<\/strong>&nbsp;im Erdgeschoss k\u00f6nnen f\u00fcr Kurse, Workshops, Vereinstreffen, Tagungen oder Kurse gemietet werden. Im Erdgeschoss befinden sich das Sekretariat und das Personalarbeitszimmer sowie ein G\u00e4stezimmer.<\/p>\n\n\n\n<p class=\"has-text-align-justify margin-left-right-50px wp-block-paragraph\" style=\"font-size:20px\">Unterhalb der Kapelle gibt es eine alte Turnhalle, in der sich die Ateliers des \u201eadelante! \" - Projekts befinden. <strong>Das Wirth-St\u00fcbli:<\/strong> Dies ist ein kleiner Raum mit Tischen und St\u00fchlen, der f\u00fcr Besprechungen oder Zusammenk\u00fcnfte gemietet werden kann. Die K\u00fcche in der Zone B wird ganzj\u00e4hrig von einem jungen Caterer aus der Region mit seinem Angebot Book2Cook besetzt, das eine gesunde und abwechslungsreiche K\u00fcche bietet. Alle verwendeten Zutaten stammen von lokalen Produzenten.<\/p>\n\n\n\n<p class=\"has-text-align-justify margin-left-right-50px wp-block-paragraph translation-block\" style=\"font-size:20px\">Auf dem Gel\u00e4nde befinden sich auch zwei H\u00e4user, das weisse Haus und das Chalet, die von MitarbeiterInnen des FriedensDorfes bewohnt werden. Ein grosser Hof mit einer Terrasse gesch\u00fctzt, ein Spielplatz und eine grosse Wiese geh\u00f6ren zum Eigentum des FriedensDorfes.<\/p>\n<\/div>\n\n\n<div class=\"wp-block-ub-content-toggle margin-left-right-50px wp-block-ub-content-toggle-block\" id=\"ub-content-toggle-block-5dd1fecd-6bd8-41f4-abf8-76ecf1a279a4\" data-mobilecollapse=\"false\" data-desktopcollapse=\"true\" data-preventcollapse=\"false\" data-showonlyone=\"true\">\n<div class=\"wp-block-ub-content-toggle-accordion linear-background-blue-1\" style=\"border-color: #76cce2;\" id=\"ub-content-toggle-panel-block-\">\n\t\t\t<div class=\"wp-block-ub-content-toggle-accordion-title-wrap\" style=\"background-color: #76cce2;\" aria-controls=\"ub-content-toggle-panel-0-5dd1fecd-6bd8-41f4-abf8-76ecf1a279a4\" tabindex=\"0\">\n\t\t\t<h4 class=\"wp-block-ub-content-toggle-accordion-title ub-content-toggle-title-5dd1fecd-6bd8-41f4-abf8-76ecf1a279a4\" style=\"color: #ffffff; \">Standort \/ Zugang<\/h4>\n\t\t\t<div class=\"wp-block-ub-content-toggle-accordion-toggle-wrap right\" style=\"color: #ffffff;\"><span class=\"wp-block-ub-content-toggle-accordion-state-indicator wp-block-ub-chevron-down\"><\/span><\/div>\n\t\t<\/div>\n\t\t\t<div role=\"region\" aria-expanded=\"false\" class=\"wp-block-ub-content-toggle-accordion-content-wrap ub-hide\" id=\"ub-content-toggle-panel-0-5dd1fecd-6bd8-41f4-abf8-76ecf1a279a4\">\n\n<div class=\"wp-block-group alignfull has-text-color has-background has-link-color wp-elements-f6922198f79523f07d917b3bef84d2a4 is-layout-constrained wp-block-group-is-layout-constrained\" style=\"color:#000000;background-color:#ffffff;margin-top:0px;margin-bottom:0px;padding-top:0vw;padding-bottom:0vw\">\n<p class=\"justify wp-block-paragraph\" style=\"font-size:20px\">Le Village de la Paix est situ\u00e9 \u00e0 l\u2019entr\u00e9e du village de Broc \u00e0 4 km \u00e0 l\u2019est de Bulle dans le canton de Fribourg et se trouve \u00e0 environ une heure de Berne et de Lausanne. Il est facilement accessible soit par\u00a0transports publics ou soit en voiture.<\/p>\n\n\n\n<div class=\"wp-block-jetpack-map shadow-effect\" data-map-id=\"jp-map-1\" data-map-provider=\"mapkit\" data-api-key=\"pk.eyJ1IjoiYXV0b21hdHRpYyIsImEiOiJjazVpZjA5aWswYTFvM21sOWtzNW1rNG9lIn0.Gu-sp4wRxnnQB-Qa8CpuZQ\" data-map-style=\"default\" data-blog-id=\"204633967\"><ul><li><a href=\"https:\/\/www.google.com\/maps\/search\/?api=1&amp;query=46.602649,7.091834\">Weg von Bouleyres<\/a><\/li><\/ul><\/div>\n\n\n\n<div class=\"wp-block-columns is-layout-flex wp-container-core-columns-is-layout-1a9244c7 wp-block-columns-is-layout-flex\">\n<div class=\"wp-block-column is-layout-flow wp-block-column-is-layout-flow\" style=\"flex-basis:100%\">\n<div class=\"wp-block-columns alignwide is-layout-flex wp-container-core-columns-is-layout-1a9244c7 wp-block-columns-is-layout-flex\">\n<div class=\"wp-block-column is-layout-flow wp-block-column-is-layout-flow\" style=\"flex-basis:100%\">\n<p class=\"wp-block-paragraph\" style=\"font-size:20px\"><strong>Anfahrt mit \u00f6ffentlichen Verkehrsmitteln<\/strong><\/p>\n\n\n\n<div class=\"wp-block-group justify is-layout-flow wp-block-group-is-layout-flow\">\n<p class=\"wp-block-paragraph\" style=\"font-size:20px\">Das FriedensDorf befindet sich in der N\u00e4he des Bahnhofs \"Broc-Village\"<\/p>\n\n\n\n<p class=\"wp-block-paragraph\" style=\"font-size:20px\">Ab dem 11. Dezember 2022 ist es m\u00f6glich, mit dem Zug bis zum Bahnhof \u201eBroc-Village\u201c zu fahren, der jede halbe Stunde von der RER (Bern) \u2013 Fribourg \u2013 Bulle \u2013 Broc bedient wird. Von dort ist das FriedensDorf auf dem Trottoir entlang der Strasse Broc-Bulle in ca. 10 Min. zu Fuss erreichbar.<\/p>\n\n\n\n<p class=\"wp-block-paragraph\" style=\"font-size:20px\"><strong>Anfahrt mit dem Auto<\/strong><\/p>\n\n\n\n<p class=\"wp-block-paragraph\" style=\"font-size:20px\">Von der Autobahn A12 bis zur Ausfahrt Bulle: Bei Bulle Richtung Broc\/Charmey\/Jaun (Umfahrungsstra\u00dfe H189). Nach dem Wegweiser Broc und dem ersten Kreisverkehr am Ortseingang finden Sie auf der linken Seite den gro\u00dfen Parkplatz FriedensDorf.<\/p>\n\n\n\n<hr class=\"wp-block-separator has-alpha-channel-opacity\">\n\n\n\n<p class=\"wp-block-paragraph\" style=\"font-size:20px\"><strong>Wir w\u00fcnschen Ihnen eine angenehme Anreise und freuen uns auf Ihren Besuch!<\/strong><\/p>\n<\/div>\n<\/div>\n<\/div>\n<\/div>\n<\/div>\n<\/div>\n\n<\/div>\n\t\t<\/div>\n\n<div class=\"wp-block-ub-content-toggle-accordion linear-background-blue-2\" style=\"border-color: #76cce2;\" id=\"ub-content-toggle-panel-block-\">\n\t\t\t<div class=\"wp-block-ub-content-toggle-accordion-title-wrap\" style=\"background-color: #76cce2;\" aria-controls=\"ub-content-toggle-panel-1-5dd1fecd-6bd8-41f4-abf8-76ecf1a279a4\" tabindex=\"0\">\n\t\t\t<h4 class=\"wp-block-ub-content-toggle-accordion-title ub-content-toggle-title-5dd1fecd-6bd8-41f4-abf8-76ecf1a279a4\" style=\"color: #ffffff; \">Landwirtschaft<\/h4>\n\t\t\t<div class=\"wp-block-ub-content-toggle-accordion-toggle-wrap right\" style=\"color: #ffffff;\"><span class=\"wp-block-ub-content-toggle-accordion-state-indicator wp-block-ub-chevron-down\"><\/span><\/div>\n\t\t<\/div>\n\t\t\t<div role=\"region\" aria-expanded=\"false\" class=\"wp-block-ub-content-toggle-accordion-content-wrap ub-hide\" id=\"ub-content-toggle-panel-1-5dd1fecd-6bd8-41f4-abf8-76ecf1a279a4\">\n\n<div class=\"wp-block-columns is-layout-flex wp-container-core-columns-is-layout-1a9244c7 wp-block-columns-is-layout-flex\">\n<div class=\"wp-block-column is-layout-flow wp-block-column-is-layout-flow\" style=\"flex-basis:100%\">\n<h4 class=\"wp-block-heading\"><strong>Landwirtschaft im FriedensDorf<\/strong><\/h4>\n\n\n\n<p class=\"wp-block-paragraph\" style=\"font-size:20px\">Der Garten des FriedensDorfes verf\u00fcgt \u00fcber eine sehr gro\u00dfe <strong>Biodiversit\u00e4t.<\/strong> Angebaut werden Obst, Gem\u00fcse, Kartoffeln, Gew\u00fcrzkr\u00e4uter und andere Spezialit\u00e4ten wie Senf oder Flachs. Das Herstellungsverfahren folgt den Grunds\u00e4tzen der <strong>biologischen Landwirtschaft<\/strong>mit entsprechend h\u00f6heren Anforderungen an Pflanzenschutz und Bodenleben. Wir lassen uns auch von Mikrolandwirtschaft, Permakultur und Agroforstwirtschaft inspirieren.<\/p>\n\n\n\n<p class=\"wp-block-paragraph\" style=\"font-size:20px\"><strong><em><span style=\"text-decoration: underline;\">lebendiger Boden<\/span><\/em><\/strong><\/p>\n\n\n\n<ul class=\"wp-block-list\">\n<li style=\"font-size:20px\"><em>Dauerhafte Bodenbedeckung, viele Stauden<\/em><\/li>\n\n\n\n<li style=\"font-size:20px\"><em>Begr\u00fcnte Wege<\/em><em><\/em><\/li>\n\n\n\n<li style=\"font-size:20px\"><em>Keine tiefe Bodenbearbeitung<\/em><\/li>\n\n\n\n<li style=\"font-size:20px\"><em>Fruchtfolge<\/em><em><\/em><\/li>\n<\/ul>\n\n\n\n<p class=\"wp-block-paragraph\" style=\"font-size:20px\"><strong><em><span style=\"text-decoration: underline;\">Diversit\u00e4t<\/span><\/em><\/strong><\/p>\n\n\n\n<ul class=\"wp-block-list\">\n<li style=\"font-size:20px\"><em>Pflanzenverb\u00e4nde<\/em><em><\/em><\/li>\n\n\n\n<li style=\"font-size:20px\"><em>Fl\u00e4chennutzung auf allen Ebenen (B\u00e4ume, Str\u00e4ucher, Kr\u00e4uter und Hackfr\u00fcchte)<\/em><em><\/em><\/li>\n\n\n\n<li style=\"font-size:20px\"><em>Asthaufen und andere Mittel zur F\u00f6rderung der Biodiversit\u00e4t<\/em><em><\/em><\/li>\n\n\n\n<li style=\"font-size:20px\"><em>Keine gentechnisch ver\u00e4nderten Organismen (GVO)<\/em><\/li>\n\n\n\n<li style=\"font-size:20px\"><em>Utilisation de terreau sans tourbe pour ne pas d\u00e9truire ces pr\u00e9cieux \u00a0\u00a0 biotopes<\/em><\/li>\n\n\n\n<li style=\"font-size:20px\"><em>Bio-Saatgut, Pro Specie Rara,\u2026<\/em><\/li>\n\n\n\n<li style=\"font-size:20px\"><em>Keine synthetischen Pestizide oder gekaufte l\u00f6sliche D\u00fcngemittel. Mit unproblematischen Naturprodukten wie Extrakten aus Ackerschachtelhalm, Knoblauch oder auch EM (Effektive Mikroorganismen) werden Pflanzen weitestgehend gesch\u00fctzt. Keine Verwendung von Kupfer, Spinosad, Phyrethrum etc. (in Bio zugelassen, aber je nach Anwendung problematisch)<\/em><em><\/em><\/li>\n<\/ul>\n\n\n\n<p class=\"has-text-align-left wp-block-paragraph\" style=\"font-size:20px\">Da Vielfalt Stabilit\u00e4t bringt, wird es im Falle von Sch\u00e4dlings- oder Krankheitsproblemen nie zu einem Totalverlust kommen.<\/p>\n\n\n\n<p class=\"wp-block-paragraph\" style=\"font-size:20px\"><em><strong><span style=\"text-decoration: underline;\">Geschlossener Kreislauf<\/span><\/strong><\/em><\/p>\n\n\n\n<ul class=\"wp-block-list\">\n<li style=\"font-size:20px\"><em>Arbeit, die lokale Materialien und Ressourcen bevorzugt: Herstellung von Kompost, der N\u00e4hrstoffe vor Ort h\u00e4lt, Holz f\u00fcr Sp\u00e4ne und Konstruktionen<\/em><\/li>\n\n\n\n<li style=\"font-size:20px\"><em>Wiederverwendung von Plastikt\u00f6pfen, Reduzierung des Energieeinsatzes (Handarbeit mit angepassten Werkzeugen und permakulturellem Design)<\/em><\/li>\n<\/ul>\n\n\n\n<p class=\"wp-block-paragraph\" style=\"font-size:20px\"><em><strong><span style=\"text-decoration: underline;\">Menschlich<\/span><\/strong><\/em><\/p>\n\n\n\n<ul class=\"wp-block-list\">\n<li style=\"font-size:20px\"><em>Sinnvolle und befriedigende Arbeit<\/em><\/li>\n\n\n\n<li style=\"font-size:20px\"><em>\u00a0Mitarbeit in Vereinsbewegungen f\u00fcr nachhaltige Landwirtschaft<\/em><\/li>\n<\/ul>\n\n\n\n<figure class=\"wp-block-table\" style=\"font-size:20px\"><table><tbody><tr><td><strong>Technische Daten<\/strong> <br>Surface\u00a0: 3000m2 <br>Mode de production\u00a0: biologique sans certification en raison des co\u00fbts \u00e9lev\u00e9s<br>Temps de travail\u00a0: \u00a0entre 30-60\u00a0%, selon la saison. \u00a0<\/td><\/tr><\/tbody><\/table><\/figure>\n<\/div>\n<\/div>\n\n\n\n<figure class=\"wp-block-gallery has-nested-images columns-default is-cropped wp-block-gallery-2 is-layout-flex wp-block-gallery-is-layout-flex\">\n<figure class=\"wp-block-image size-large\"><img loading=\"lazy\" decoding=\"async\" width=\"531\" height=\"399\" data-attachment-id=\"2493\" data-permalink=\"https:\/\/villagedelapaix.ch\/de\/notre-lieu\/image-4\/\" data-orig-file=\"https:\/\/villagedelapaix.ch\/wp-content\/uploads\/2022\/10\/image-4.png\" data-orig-size=\"531,399\" data-comments-opened=\"1\" data-image-meta=\"{&quot;aperture&quot;:&quot;0&quot;,&quot;credit&quot;:&quot;&quot;,&quot;camera&quot;:&quot;&quot;,&quot;caption&quot;:&quot;&quot;,&quot;created_timestamp&quot;:&quot;0&quot;,&quot;copyright&quot;:&quot;&quot;,&quot;focal_length&quot;:&quot;0&quot;,&quot;iso&quot;:&quot;0&quot;,&quot;shutter_speed&quot;:&quot;0&quot;,&quot;title&quot;:&quot;&quot;,&quot;orientation&quot;:&quot;0&quot;}\" data-image-title=\"image-4\" data-image-description=\"\" data-image-caption=\"\" data-large-file=\"https:\/\/villagedelapaix.ch\/wp-content\/uploads\/2022\/10\/image-4.png\" data-id=\"2493\" src=\"https:\/\/villagedelapaix.ch\/wp-content\/uploads\/2022\/10\/image-4.png\" alt=\"\" class=\"wp-image-2493\" srcset=\"https:\/\/villagedelapaix.ch\/wp-content\/uploads\/2022\/10\/image-4.png 531w, https:\/\/villagedelapaix.ch\/wp-content\/uploads\/2022\/10\/image-4-300x225.png 300w, https:\/\/villagedelapaix.ch\/wp-content\/uploads\/2022\/10\/image-4-16x12.png 16w, https:\/\/villagedelapaix.ch\/wp-content\/uploads\/2022\/10\/image-4-400x300.png?crop=1 400w, https:\/\/villagedelapaix.ch\/wp-content\/uploads\/2022\/10\/image-4-200x150.png?crop=1 200w\" sizes=\"auto, (max-width: 531px) 100vw, 531px\" \/><\/figure>\n\n\n\n<figure class=\"wp-block-image size-large\"><img loading=\"lazy\" decoding=\"async\" width=\"677\" height=\"902\" data-attachment-id=\"2496\" data-permalink=\"https:\/\/villagedelapaix.ch\/de\/notre-lieu\/image-6\/\" data-orig-file=\"https:\/\/villagedelapaix.ch\/wp-content\/uploads\/2022\/10\/image-6.png\" data-orig-size=\"677,902\" data-comments-opened=\"1\" data-image-meta=\"{&quot;aperture&quot;:&quot;0&quot;,&quot;credit&quot;:&quot;&quot;,&quot;camera&quot;:&quot;&quot;,&quot;caption&quot;:&quot;&quot;,&quot;created_timestamp&quot;:&quot;0&quot;,&quot;copyright&quot;:&quot;&quot;,&quot;focal_length&quot;:&quot;0&quot;,&quot;iso&quot;:&quot;0&quot;,&quot;shutter_speed&quot;:&quot;0&quot;,&quot;title&quot;:&quot;&quot;,&quot;orientation&quot;:&quot;0&quot;}\" data-image-title=\"image-6\" data-image-description=\"\" data-image-caption=\"\" data-large-file=\"https:\/\/villagedelapaix.ch\/wp-content\/uploads\/2022\/10\/image-6.png\" data-id=\"2496\" src=\"https:\/\/villagedelapaix.ch\/wp-content\/uploads\/2022\/10\/image-6.png\" alt=\"\" class=\"wp-image-2496\" srcset=\"https:\/\/villagedelapaix.ch\/wp-content\/uploads\/2022\/10\/image-6.png 677w, https:\/\/villagedelapaix.ch\/wp-content\/uploads\/2022\/10\/image-6-600x800.png?crop=1 600w, https:\/\/villagedelapaix.ch\/wp-content\/uploads\/2022\/10\/image-6-225x300.png 225w, https:\/\/villagedelapaix.ch\/wp-content\/uploads\/2022\/10\/image-6-9x12.png 9w, https:\/\/villagedelapaix.ch\/wp-content\/uploads\/2022\/10\/image-6-300x400.png?crop=1 300w, https:\/\/villagedelapaix.ch\/wp-content\/uploads\/2022\/10\/image-6-150x200.png?crop=1 150w\" sizes=\"auto, (max-width: 677px) 100vw, 677px\" \/><\/figure>\n\n\n\n<figure class=\"wp-block-image size-full\"><img loading=\"lazy\" decoding=\"async\" width=\"817\" height=\"613\" data-attachment-id=\"2484\" data-permalink=\"https:\/\/villagedelapaix.ch\/de\/notre-lieu\/image-1\/\" data-orig-file=\"https:\/\/villagedelapaix.ch\/wp-content\/uploads\/2022\/10\/image-1.png\" data-orig-size=\"817,613\" data-comments-opened=\"1\" data-image-meta=\"{&quot;aperture&quot;:&quot;0&quot;,&quot;credit&quot;:&quot;&quot;,&quot;camera&quot;:&quot;&quot;,&quot;caption&quot;:&quot;&quot;,&quot;created_timestamp&quot;:&quot;0&quot;,&quot;copyright&quot;:&quot;&quot;,&quot;focal_length&quot;:&quot;0&quot;,&quot;iso&quot;:&quot;0&quot;,&quot;shutter_speed&quot;:&quot;0&quot;,&quot;title&quot;:&quot;&quot;,&quot;orientation&quot;:&quot;0&quot;}\" data-image-title=\"image-1\" data-image-description=\"\" data-image-caption=\"\" data-large-file=\"https:\/\/villagedelapaix.ch\/wp-content\/uploads\/2022\/10\/image-1.png\" data-id=\"2484\" src=\"https:\/\/villagedelapaix.ch\/wp-content\/uploads\/2022\/10\/image-1.png\" alt=\"\" class=\"wp-image-2484\" srcset=\"https:\/\/villagedelapaix.ch\/wp-content\/uploads\/2022\/10\/image-1.png 817w, https:\/\/villagedelapaix.ch\/wp-content\/uploads\/2022\/10\/image-1-600x450.png?crop=1 600w, https:\/\/villagedelapaix.ch\/wp-content\/uploads\/2022\/10\/image-1-300x225.png 300w, https:\/\/villagedelapaix.ch\/wp-content\/uploads\/2022\/10\/image-1-768x576.png 768w, https:\/\/villagedelapaix.ch\/wp-content\/uploads\/2022\/10\/image-1-16x12.png 16w, https:\/\/villagedelapaix.ch\/wp-content\/uploads\/2022\/10\/image-1-800x600.png?crop=1 800w, https:\/\/villagedelapaix.ch\/wp-content\/uploads\/2022\/10\/image-1-400x300.png?crop=1 400w, https:\/\/villagedelapaix.ch\/wp-content\/uploads\/2022\/10\/image-1-200x150.png?crop=1 200w\" sizes=\"auto, (max-width: 817px) 100vw, 817px\" \/><\/figure>\n\n\n\n<figure class=\"wp-block-image size-full is-style-default\"><img loading=\"lazy\" decoding=\"async\" width=\"656\" height=\"492\" data-attachment-id=\"2486\" data-permalink=\"https:\/\/villagedelapaix.ch\/de\/notre-lieu\/image-3\/\" data-orig-file=\"https:\/\/villagedelapaix.ch\/wp-content\/uploads\/2022\/10\/image-3.png\" data-orig-size=\"656,492\" data-comments-opened=\"1\" data-image-meta=\"{&quot;aperture&quot;:&quot;0&quot;,&quot;credit&quot;:&quot;&quot;,&quot;camera&quot;:&quot;&quot;,&quot;caption&quot;:&quot;&quot;,&quot;created_timestamp&quot;:&quot;0&quot;,&quot;copyright&quot;:&quot;&quot;,&quot;focal_length&quot;:&quot;0&quot;,&quot;iso&quot;:&quot;0&quot;,&quot;shutter_speed&quot;:&quot;0&quot;,&quot;title&quot;:&quot;&quot;,&quot;orientation&quot;:&quot;0&quot;}\" data-image-title=\"image-3\" data-image-description=\"\" data-image-caption=\"\" data-large-file=\"https:\/\/villagedelapaix.ch\/wp-content\/uploads\/2022\/10\/image-3.png\" data-id=\"2486\" src=\"https:\/\/villagedelapaix.ch\/wp-content\/uploads\/2022\/10\/image-3.png\" alt=\"\" class=\"wp-image-2486\" srcset=\"https:\/\/villagedelapaix.ch\/wp-content\/uploads\/2022\/10\/image-3.png 656w, https:\/\/villagedelapaix.ch\/wp-content\/uploads\/2022\/10\/image-3-600x450.png?crop=1 600w, https:\/\/villagedelapaix.ch\/wp-content\/uploads\/2022\/10\/image-3-300x225.png 300w, https:\/\/villagedelapaix.ch\/wp-content\/uploads\/2022\/10\/image-3-16x12.png 16w, https:\/\/villagedelapaix.ch\/wp-content\/uploads\/2022\/10\/image-3-400x300.png?crop=1 400w, https:\/\/villagedelapaix.ch\/wp-content\/uploads\/2022\/10\/image-3-200x150.png?crop=1 200w\" sizes=\"auto, (max-width: 656px) 100vw, 656px\" \/><\/figure>\n<\/figure>\n\n<\/div>\n\t\t<\/div>\n<\/div><\/div>\n<\/div>\n<\/div>\n<\/div>\n<\/div>","protected":false},"excerpt":{"rendered":"<p>Notre lieu Le Village de la Paix est un v\u00e9ritable petit village. Il se compose de cinq b\u00e2timents r\u00e9partis sur un vaste terrain. La&nbsp;maison communautaire&nbsp;du Village de la Paix dispose de trois \u00e9tages avec des chambres individuelles meubl\u00e9es, une grande cuisine avec une salle de s\u00e9jour et une terrasse. La&nbsp;salle de s\u00e9minaire&nbsp;situ\u00e9e dans les combles [&hellip;]<\/p>","protected":false},"author":43090017,"featured_media":59,"parent":0,"menu_order":0,"comment_status":"closed","ping_status":"closed","template":"page-par-defaut","meta":{"_crdt_document":"","advanced_seo_description":"","jetpack_seo_html_title":"","jetpack_seo_noindex":false,"footnotes":""},"class_list":["post-1622","page","type-page","status-publish","has-post-thumbnail","hentry"],"featured_image_src":"https:\/\/villagedelapaix.ch\/wp-content\/uploads\/2022\/05\/Header_Fahne_L_nder.jpg","jetpack_likes_enabled":true,"jetpack_sharing_enabled":true,"jetpack_shortlink":"https:\/\/wp.me\/PdQCDR-qa","jetpack-related-posts":[],"_links":{"self":[{"href":"https:\/\/villagedelapaix.ch\/de\/wp-json\/wp\/v2\/pages\/1622","targetHints":{"allow":["GET"]}}],"collection":[{"href":"https:\/\/villagedelapaix.ch\/de\/wp-json\/wp\/v2\/pages"}],"about":[{"href":"https:\/\/villagedelapaix.ch\/de\/wp-json\/wp\/v2\/types\/page"}],"author":[{"embeddable":true,"href":"https:\/\/villagedelapaix.ch\/de\/wp-json\/wp\/v2\/users\/43090017"}],"replies":[{"embeddable":true,"href":"https:\/\/villagedelapaix.ch\/de\/wp-json\/wp\/v2\/comments?post=1622"}],"version-history":[{"count":87,"href":"https:\/\/villagedelapaix.ch\/de\/wp-json\/wp\/v2\/pages\/1622\/revisions"}],"predecessor-version":[{"id":3395,"href":"https:\/\/villagedelapaix.ch\/de\/wp-json\/wp\/v2\/pages\/1622\/revisions\/3395"}],"wp:featuredmedia":[{"embeddable":true,"href":"https:\/\/villagedelapaix.ch\/de\/wp-json\/wp\/v2\/media\/59"}],"wp:attachment":[{"href":"https:\/\/villagedelapaix.ch\/de\/wp-json\/wp\/v2\/media?parent=1622"}],"curies":[{"name":"wp","href":"https:\/\/api.w.org\/{rel}","templated":true}]}}