{"id":188,"date":"2022-05-01T18:51:05","date_gmt":"2022-05-01T16:51:05","guid":{"rendered":"https:\/\/villagedelapaix.ch\/?page_id=188"},"modified":"2024-08-14T12:10:45","modified_gmt":"2024-08-14T10:10:45","slug":"contact","status":"publish","type":"page","link":"https:\/\/villagedelapaix.ch\/de\/contact\/","title":{"rendered":"Kontakt"},"content":{"rendered":"<div class=\"wp-block-group has-background-background-color has-background is-layout-constrained wp-block-group-is-layout-constrained\">\n<div class=\"wp-block-group is-layout-flow wp-block-group-is-layout-flow\">\n<div class=\"wp-block-columns shadow-effect has-tertiary-background-color has-background is-layout-flex wp-container-core-columns-is-layout-28f84493 wp-block-columns-is-layout-flex\">\n<div class=\"wp-block-column is-layout-flow wp-block-column-is-layout-flow\">\n<p>Chemin de Bouleyres 1<br>Case postale 17<br>CH-1636 Broc<\/p>\n\n\n\n<p>Tel: 026 921 96 42<\/p>\n<\/div>\n\n\n\n<div class=\"wp-block-column is-layout-flow wp-block-column-is-layout-flow\">\n<figure class=\"wp-block-image alignright size-full is-resized shadow-effect\"><img loading=\"lazy\" decoding=\"async\" width=\"200\" height=\"267\" data-attachment-id=\"622\" data-permalink=\"https:\/\/villagedelapaix.ch\/de\/contact\/sekretariat_2\/\" data-orig-file=\"https:\/\/villagedelapaix.ch\/wp-content\/uploads\/2022\/05\/Sekretariat_2.webp\" data-orig-size=\"200,267\" data-comments-opened=\"1\" data-image-meta=\"{&quot;aperture&quot;:&quot;0&quot;,&quot;credit&quot;:&quot;&quot;,&quot;camera&quot;:&quot;&quot;,&quot;caption&quot;:&quot;&quot;,&quot;created_timestamp&quot;:&quot;0&quot;,&quot;copyright&quot;:&quot;&quot;,&quot;focal_length&quot;:&quot;0&quot;,&quot;iso&quot;:&quot;0&quot;,&quot;shutter_speed&quot;:&quot;0&quot;,&quot;title&quot;:&quot;&quot;,&quot;orientation&quot;:&quot;0&quot;}\" data-image-title=\"Sekretariat_2\" data-image-description=\"\" data-image-caption=\"\" data-medium-file=\"https:\/\/villagedelapaix.ch\/wp-content\/uploads\/2022\/05\/Sekretariat_2.webp\" data-large-file=\"https:\/\/villagedelapaix.ch\/wp-content\/uploads\/2022\/05\/Sekretariat_2.webp\" src=\"https:\/\/villagedelapaix.ch\/wp-content\/uploads\/2022\/05\/Sekretariat_2.webp\" alt=\"\" class=\"wp-image-622\" style=\"width:238px;height:318px\" srcset=\"https:\/\/villagedelapaix.ch\/wp-content\/uploads\/2022\/05\/Sekretariat_2.webp 200w, https:\/\/villagedelapaix.ch\/wp-content\/uploads\/2022\/05\/Sekretariat_2-150x200.webp?crop=1 150w\" sizes=\"auto, (max-width: 200px) 100vw, 200px\" \/><\/figure>\n<\/div>\n<\/div>\n<\/div>\n\n\n\n<div class=\"wp-block-columns is-layout-flex wp-container-core-columns-is-layout-28f84493 wp-block-columns-is-layout-flex\">\n<div class=\"wp-block-column is-vertically-aligned-top shadow-effect has-tertiary-background-color has-background is-layout-flow wp-block-column-is-layout-flow\" style=\"padding-top:25px;padding-right:25px;padding-bottom:25px;padding-left:25px;flex-basis:60%\">\n<div class=\"wp-block-group is-layout-flow wp-block-group-is-layout-flow\"><dl class=\"jetpack-business-hours wp-block-jetpack-business-hours\"><div class=\"jetpack-business-hours__item\"><dt class=\"Mon\">Montag<\/dt><dd class=\"Mon\">8h00 &#8211; 12h30<\/dd><\/div><div class=\"jetpack-business-hours__item\"><dt class=\"Tue\">Dienstag<\/dt><dd class=\"Tue\">8h30 &#8211; 12h00, 13h30 &#8211; 17h00<\/dd><\/div><div class=\"jetpack-business-hours__item\"><dt class=\"Wed\">Mittwoch<\/dt><dd class=\"Wed\">Abgeschlossen<\/dd><\/div><div class=\"jetpack-business-hours__item\"><dt class=\"Thu\">Donnerstag<\/dt><dd class=\"Thu\">Abgeschlossen<\/dd><\/div><div class=\"jetpack-business-hours__item\"><dt class=\"Fri\">Freitag<\/dt><dd class=\"Fri\">8h00 \u2013 12h00<\/dd><\/div><div class=\"jetpack-business-hours__item\"><dt class=\"Sat\">Samstag<\/dt><dd class=\"Sat\">Abgeschlossen<\/dd><\/div><div class=\"jetpack-business-hours__item\"><dt class=\"Sun\">Sonntag<\/dt><dd class=\"Sun\">Abgeschlossen<\/dd><\/div><\/dl><\/div>\n<\/div>\n\n\n\n<div class=\"wp-block-column is-layout-flow wp-block-column-is-layout-flow\">\n<div data-map-provider=\"mapkit\" data-api-key=\"pk.eyJ1IjoiYXV0b21hdHRpYyIsImEiOiJjazVpZjA5aWswYTFvM21sOWtzNW1rNG9lIn0.Gu-sp4wRxnnQB-Qa8CpuZQ\"  data-blog-id=\"204633967\" class=\"wp-block-jetpack-map shadow-effect aligncenter\" data-map-style=\"default\" data-map-details=\"true\" data-points=\"[{&quot;placeTitle&quot;:&quot;Chemin De Bouleyres&quot;,&quot;title&quot;:&quot;Chemin De Bouleyres&quot;,&quot;caption&quot;:&quot;Chemin De Bouleyres 1, 1663 Epagny, Switzerland&quot;,&quot;id&quot;:&quot;address.3752573913686074&quot;,&quot;coordinates&quot;:{&quot;longitude&quot;:7.091834,&quot;latitude&quot;:46.602649}}]\" data-zoom=\"14\" data-map-center=\"{&quot;lat&quot;:46.60265312763193,&quot;lng&quot;:7.091834000000006}\" data-marker-color=\"red\" data-show-fullscreen-button=\"true\"><ul><li><a href=\"https:\/\/www.google.com\/maps\/search\/?api=1&amp;query=46.602649,7.091834\">Weg von Bouleyres<\/a><\/li><\/ul><\/div>\n<\/div>\n<\/div>\n<\/div>\n\n\n\n<div class=\"wp-block-columns is-layout-flex wp-container-core-columns-is-layout-28f84493 wp-block-columns-is-layout-flex\">\n<div class=\"wp-block-column is-layout-flow wp-block-column-is-layout-flow\" style=\"flex-basis:100%\">\n<div class=\"wp-block-group alignfull has-background-background-color has-text-color has-background has-link-color wp-elements-dfeed99e95930d3c5be0eb3915eb0f93 is-vertical is-content-justification-center is-layout-flex wp-container-core-group-is-layout-dc6ad041 wp-block-group-is-layout-flex\" style=\"color:#222222;margin-top:0px;margin-bottom:0px;padding-top:1vw;padding-right:15px;padding-bottom:1vw;padding-left:15px\">\n<div class=\"wp-block-columns alignwide is-layout-flex wp-container-core-columns-is-layout-c6bc58be wp-block-columns-is-layout-flex\" style=\"padding-top:0px;padding-right:0px;padding-bottom:0px;padding-left:0px\">\n<div class=\"wp-block-column is-layout-flow wp-block-column-is-layout-flow\" style=\"flex-basis:100%\">\n<p style=\"font-size:20px\">Kontaktformular:<\/p>\n\n\n<div class=\"wp-block-jetpack-contact-form\"><a href=\"https:\/\/villagedelapaix.ch\/de\/contact\/\" target=\"_blank\" rel=\"noopener noreferrer\">Submit a form.<\/a><\/div><\/div>\n<\/div>\n<\/div>\n<\/div>\n<\/div>","protected":false},"excerpt":{"rendered":"<p>Chemin de Bouleyres 1Case postale 17CH-1636 Broc T\u00e9l:&nbsp; 026 921 96 42 N\u2019h\u00e9sitez pas \u00e0 communiquer en utilisant les coordonn\u00e9es ci-dessous ou utiliser le formulaire.<\/p>","protected":false},"author":43090017,"featured_media":0,"parent":0,"menu_order":0,"comment_status":"closed","ping_status":"closed","template":"page-par-defaut","meta":{"advanced_seo_description":"","jetpack_seo_html_title":"","jetpack_seo_noindex":false,"jetpack_post_was_ever_published":false,"footnotes":""},"class_list":["post-188","page","type-page","status-publish","hentry"],"featured_image_src":null,"jetpack_likes_enabled":true,"jetpack_sharing_enabled":true,"jetpack_shortlink":"https:\/\/wp.me\/PdQCDR-32","jetpack-related-posts":[],"_links":{"self":[{"href":"https:\/\/villagedelapaix.ch\/de\/wp-json\/wp\/v2\/pages\/188","targetHints":{"allow":["GET"]}}],"collection":[{"href":"https:\/\/villagedelapaix.ch\/de\/wp-json\/wp\/v2\/pages"}],"about":[{"href":"https:\/\/villagedelapaix.ch\/de\/wp-json\/wp\/v2\/types\/page"}],"author":[{"embeddable":true,"href":"https:\/\/villagedelapaix.ch\/de\/wp-json\/wp\/v2\/users\/43090017"}],"replies":[{"embeddable":true,"href":"https:\/\/villagedelapaix.ch\/de\/wp-json\/wp\/v2\/comments?post=188"}],"version-history":[{"count":48,"href":"https:\/\/villagedelapaix.ch\/de\/wp-json\/wp\/v2\/pages\/188\/revisions"}],"predecessor-version":[{"id":8291,"href":"https:\/\/villagedelapaix.ch\/de\/wp-json\/wp\/v2\/pages\/188\/revisions\/8291"}],"wp:attachment":[{"href":"https:\/\/villagedelapaix.ch\/de\/wp-json\/wp\/v2\/media?parent=188"}],"curies":[{"name":"wp","href":"https:\/\/api.w.org\/{rel}","templated":true}]}}